{"id":456,"date":"2023-07-22T17:11:53","date_gmt":"2023-07-22T15:11:53","guid":{"rendered":"https:\/\/yucatan.sk\/?page_id=456"},"modified":"2024-08-01T10:11:00","modified_gmt":"2024-08-01T08:11:00","slug":"unternehmensprofil","status":"publish","type":"page","link":"https:\/\/yucatan.sk\/de\/unternehmensprofil\/","title":{"rendered":"Unternehmensprofil"},"content":{"rendered":"<section class=\"l-section wpb_row height_auto width_full with_img\" id=\"yucatan_header_small\"><div class=\"l-section-img\" data-img-width=\"1932\" data-img-height=\"596\" style=\"background-image: url(https:\/\/yucatan.sk\/wp-content\/uploads\/2023\/07\/kamionova-preprava.jpg);background-position: top center;background-repeat: no-repeat;\"><\/div><div class=\"l-section-overlay\" style=\"background:rgba(15,15,15,0.58)\"><\/div><div class=\"l-section-h i-cf\"><div class=\"g-cols vc_row via_grid cols_1 laptops-cols_inherit tablets-cols_inherit mobiles-cols_1 valign_top type_default stacking_default\"><div class=\"wpb_column vc_column_container\"><div class=\"vc_column-inner\"><div class=\"wpb_text_column us_custom_29556189 title title-82 us_animate_this\"><div class=\"wpb_wrapper\"><p>Unternehmensprofil<\/p>\n<\/div><\/div><\/div><\/div><\/div><\/div><\/section><section class=\"l-section wpb_row yucatan_gap height_large\"><div class=\"l-section-h i-cf\"><div class=\"g-cols vc_row via_grid cols_1-2 laptops-cols_inherit tablets-cols_inherit mobiles-cols_1 valign_top type_default stacking_default\"><div class=\"wpb_column vc_column_container\"><div class=\"vc_column-inner\"><div class=\"wpb_text_column us_custom_dc1da1a3 subtitle subtitle-16 mb-10\"><div class=\"wpb_wrapper\"><p>Warum wir?<\/p>\n<\/div><\/div><div class=\"wpb_text_column title title-64\"><div class=\"wpb_wrapper\"><p>Wer sind wir?<\/p>\n<\/div><\/div><\/div><\/div><div class=\"wpb_column vc_column_container\"><div class=\"vc_column-inner\"><div class=\"wpb_text_column us_custom_5f97c7f4 text text-20\"><div class=\"wpb_wrapper\"><p>Unser Unternehmen, das Dienstleistungen im Bereich des internationalen und inl\u00e4ndischen G\u00fcterverkehrs anbietet, ist seit 2018 t\u00e4tig. Unser Ziel ist es, die Waren und Produkte unserer Kunden schnell, sicher und so effizient wie m\u00f6glich zu transportieren.<\/p>\n<\/div><\/div><\/div><\/div><\/div><\/div><\/section><section class=\"l-section wpb_row us_custom_5fd7f12b height_large with_img\"><div class=\"l-section-img\" data-img-width=\"1920\" data-img-height=\"636\" style=\"background-image: url(https:\/\/yucatan.sk\/wp-content\/uploads\/2023\/07\/yucatan-preprava.jpg);background-repeat: no-repeat;\"><\/div><div class=\"l-section-h i-cf\"><div class=\"g-cols vc_row via_grid cols_1 laptops-cols_inherit tablets-cols_inherit mobiles-cols_1 valign_top type_default stacking_default\"><div class=\"wpb_column vc_column_container\"><div class=\"vc_column-inner\"><\/div><\/div><\/div><\/div><\/section><section class=\"l-section wpb_row us_custom_959c093f yucatan_gap height_large\"><div class=\"l-section-h i-cf\"><div class=\"g-cols vc_row via_grid cols_2 laptops-cols_inherit tablets-cols_inherit mobiles-cols_1 valign_top type_default stacking_default\"><div class=\"wpb_column vc_column_container\"><div class=\"vc_column-inner\"><div class=\"wpb_text_column us_custom_dc1da1a3 subtitle subtitle-16 mb-10\"><div class=\"wpb_wrapper\"><p>Warum wir?<\/p>\n<\/div><\/div><div class=\"wpb_text_column us_custom_2624793f title title-64\"><div class=\"wpb_wrapper\"><p>WARUM YUCATAN<br \/>\nTRANSPORT W\u00c4HLEN?<\/p>\n<\/div><\/div><div class=\"w-btn-wrapper align_none hide_on_tablets hide_on_mobiles\"><a class=\"w-btn us-btn-style_1 us_custom_8f2ba1f4 us_animate_this icon_atright\" title=\"Unsere Dienstleistungen\" href=\"https:\/\/yucatan.sk\/de\/unsere-dienstleistungen\/\"><span class=\"w-btn-label\">Unsere Dienstleistungen<\/span><i class=\"fas fa-arrow-right\"><\/i><\/a><\/div><\/div><\/div><div class=\"wpb_column vc_column_container\"><div class=\"vc_column-inner\"><div class=\"wpb_text_column us_custom_dde5074d text text-20 yucatan_ul\"><div class=\"wpb_wrapper\"><ul>\n<li>Wir bieten den Transport von Waren von 1 kg bis 24 Tonnen an.<\/li>\n<li>Wir k\u00f6nnen Ihnen innerhalb von 15 Minuten eine Transportmethode vorschlagen.<\/li>\n<li>Wir passen den Transportplan an den Kunden an.<\/li>\n<li>Wir haben XY Autos unter Vertrag genommen, es gibt also keinen Mangel.<\/li>\n<li>Dispatch ist NONSTOP 24\/7 verf\u00fcgbar.<\/li>\n<li>Die Fahrer halten sich an alle Vorschriften nicht nur der EU-L\u00e4nder, sondern auch anderer Transitstaaten.<\/li>\n<\/ul>\n<\/div><\/div><div class=\"w-btn-wrapper align_justify hide_on_default hide_on_laptops\"><a class=\"w-btn us-btn-style_1 us_custom_c2b6167f btn_full_mobile icon_atright\" title=\"Unsere Dienstleistungen\" href=\"https:\/\/yucatan.sk\/de\/unsere-dienstleistungen\/\"><span class=\"w-btn-label\">Unsere Dienstleistungen<\/span><i class=\"fas fa-arrow-right\"><\/i><\/a><\/div><\/div><\/div><\/div><\/div><\/section><section class=\"l-section wpb_row height_large\"><div class=\"l-section-h i-cf\"><div class=\"g-cols vc_row via_grid cols_1 laptops-cols_inherit tablets-cols_inherit mobiles-cols_1 valign_top type_default stacking_default\"><div class=\"wpb_column vc_column_container\"><div class=\"vc_column-inner\"><div class=\"wpb_text_column us_custom_8e137229 title title-64\"><div class=\"wpb_wrapper\"><p>Wussten Sie das?<\/p>\n<\/div><\/div><div class=\"g-cols wpb_row us_custom_4de3ce74 via_grid cols_3 laptops-cols_inherit tablets-cols_inherit mobiles-cols_1 valign_top type_default stacking_default\"><div class=\"wpb_column vc_column_container\"><div class=\"vc_column-inner\"><div class=\"wpb_text_column us_custom_eb849559 subtitle subtitle-18 hide_on_tablets hide_on_mobiles\"><div class=\"wpb_wrapper\"><p>Wir haben mehr als<\/p>\n<\/div><\/div><div class=\"wpb_text_column us_custom_ada1a296 title title-128 countup us_animate_this\"><div class=\"wpb_wrapper\"><p>300<\/p>\n<\/div><\/div><div class=\"wpb_text_column us_custom_eb849559 title title-32\"><div class=\"wpb_wrapper\"><p>Kunden<\/p>\n<\/div><\/div><\/div><\/div><div class=\"wpb_column vc_column_container\"><div class=\"vc_column-inner\"><div class=\"wpb_text_column us_custom_eb849559 subtitle subtitle-18 hide_on_tablets hide_on_mobiles\"><div class=\"wpb_wrapper\"><p>Wir haben mehr als<\/p>\n<\/div><\/div><div class=\"wpb_text_column us_custom_ada1a296 title title-128 countup us_animate_this\"><div class=\"wpb_wrapper\"><p>7500<\/p>\n<\/div><\/div><div class=\"wpb_text_column us_custom_eb849559 title title-32\"><div class=\"wpb_wrapper\"><p>Transporte durchgef\u00fchrt<\/p>\n<\/div><\/div><\/div><\/div><div class=\"wpb_column vc_column_container\"><div class=\"vc_column-inner\"><div class=\"wpb_text_column us_custom_eb849559 subtitle subtitle-18 hide_on_tablets hide_on_mobiles\"><div class=\"wpb_wrapper\"><p>Wir haben mehr als<\/p>\n<\/div><\/div><div class=\"wpb_text_column us_custom_ada1a296 title title-128 countup us_animate_this\"><div class=\"wpb_wrapper\"><p>250<\/p>\n<\/div><\/div><div class=\"wpb_text_column us_custom_eb849559 title title-32\"><div class=\"wpb_wrapper\"><p>Vertragliche Bef\u00f6rderer<\/p>\n<\/div><\/div><\/div><\/div><\/div><div class=\"w-hwrapper hide_on_tablets hide_on_mobiles align_center valign_middle wrap\" style=\"--hwrapper-gap:1.20rem\"><div class=\"w-btn-wrapper align_none\"><a class=\"w-btn us-btn-style_1 icon_atright\" title=\"Unsere Dienstleistungen\" href=\"https:\/\/yucatan.sk\/de\/unsere-dienstleistungen\/\"><span class=\"w-btn-label\">Mehr zu den Dienstleistungen<\/span><i class=\"fas fa-arrow-right\"><\/i><\/a><\/div><div class=\"w-btn-wrapper align_none\"><a class=\"w-btn us-btn-style_2 icon_atright\" title=\"Kontakt\" href=\"https:\/\/yucatan.sk\/de\/kontakt\/\"><span class=\"w-btn-label\">Kontaktieren Sie uns<\/span><i class=\"fas fa-arrow-right\"><\/i><\/a><\/div><\/div><div class=\"w-hwrapper hide_on_default hide_on_laptops align_center valign_middle wrap\" style=\"--hwrapper-gap:1.20rem\"><div class=\"w-btn-wrapper align_justify\"><a class=\"w-btn us-btn-style_1 icon_atright\" title=\"Unsere Dienstleistungen\" href=\"https:\/\/yucatan.sk\/de\/unsere-dienstleistungen\/\"><span class=\"w-btn-label\">Mehr zu den Dienstleistungen<\/span><i class=\"fas fa-arrow-right\"><\/i><\/a><\/div><div class=\"w-btn-wrapper align_justify\"><a class=\"w-btn us-btn-style_2 icon_atright\" title=\"Kontakt\" href=\"https:\/\/yucatan.sk\/de\/kontakt\/\"><span class=\"w-btn-label\">Kontaktieren Sie uns<\/span><i class=\"fas fa-arrow-right\"><\/i><\/a><\/div><\/div><\/div><\/div><\/div><\/div><\/section>\n","protected":false},"excerpt":{"rendered":"Unternehmensprofil Warum wir? Wer sind wir? Unser Unternehmen, das Dienstleistungen im Bereich des internationalen und inl\u00e4ndischen G\u00fcterverkehrs anbietet, ist seit 2018 t\u00e4tig. Unser Ziel ist es, die Waren und Produkte unserer Kunden schnell, sicher und so effizient wie m\u00f6glich zu transportieren. Warum wir? WARUM YUCATAN TRANSPORT W\u00c4HLEN? Unsere Dienstleistungen Wir bieten den Transport von Waren...","protected":false},"author":3,"featured_media":0,"parent":0,"menu_order":0,"comment_status":"closed","ping_status":"closed","template":"","meta":{"inline_featured_image":false,"footnotes":""},"class_list":["post-456","page","type-page","status-publish","hentry"],"acf":[],"_links":{"self":[{"href":"https:\/\/yucatan.sk\/de\/wp-json\/wp\/v2\/pages\/456","targetHints":{"allow":["GET"]}}],"collection":[{"href":"https:\/\/yucatan.sk\/de\/wp-json\/wp\/v2\/pages"}],"about":[{"href":"https:\/\/yucatan.sk\/de\/wp-json\/wp\/v2\/types\/page"}],"author":[{"embeddable":true,"href":"https:\/\/yucatan.sk\/de\/wp-json\/wp\/v2\/users\/3"}],"replies":[{"embeddable":true,"href":"https:\/\/yucatan.sk\/de\/wp-json\/wp\/v2\/comments?post=456"}],"version-history":[{"count":5,"href":"https:\/\/yucatan.sk\/de\/wp-json\/wp\/v2\/pages\/456\/revisions"}],"predecessor-version":[{"id":561,"href":"https:\/\/yucatan.sk\/de\/wp-json\/wp\/v2\/pages\/456\/revisions\/561"}],"wp:attachment":[{"href":"https:\/\/yucatan.sk\/de\/wp-json\/wp\/v2\/media?parent=456"}],"curies":[{"name":"wp","href":"https:\/\/api.w.org\/{rel}","templated":true}]}}