{"id":454,"date":"2023-07-24T12:28:23","date_gmt":"2023-07-24T10:28:23","guid":{"rendered":"https:\/\/yucatan.sk\/?page_id=454"},"modified":"2024-05-26T20:13:03","modified_gmt":"2024-05-26T18:13:03","slug":"transportprozess","status":"publish","type":"page","link":"https:\/\/yucatan.sk\/de\/transportprozess\/","title":{"rendered":"Transportprozess"},"content":{"rendered":"<section class=\"l-section wpb_row height_auto width_full with_img\" id=\"yucatan_header_small\"><div class=\"l-section-img\" data-img-width=\"1932\" data-img-height=\"596\" style=\"background-image: url(https:\/\/yucatan.sk\/wp-content\/uploads\/2023\/07\/proces-prepravy.jpg);background-repeat: no-repeat;background-size: auto;\"><\/div><div class=\"l-section-overlay\" style=\"background:rgba(15,15,15,0.58)\"><\/div><div class=\"l-section-h i-cf\"><div class=\"g-cols vc_row via_grid cols_1 laptops-cols_inherit tablets-cols_inherit mobiles-cols_1 valign_top type_default stacking_default\"><div class=\"wpb_column vc_column_container\"><div class=\"vc_column-inner\"><div class=\"wpb_text_column us_custom_067ba67e title title-82 us_animate_this\"><div class=\"wpb_wrapper\"><p>SCHRITT-F\u00dcR-SCHRITT-VERSANDPROZESS<\/p>\n<\/div><\/div><\/div><\/div><\/div><\/div><\/section><section class=\"l-section wpb_row us_custom_959c093f height_large\"><div class=\"l-section-h i-cf\"><div class=\"g-cols vc_row via_grid cols_1 laptops-cols_inherit tablets-cols_inherit mobiles-cols_1 valign_top type_default stacking_default\"><div class=\"wpb_column vc_column_container\"><div class=\"vc_column-inner\"><div class=\"wpb_text_column us_custom_476cb005 text text-20\"><div class=\"wpb_wrapper\"><p>Denken Sie dar\u00fcber nach, unseren Versandservice in Anspruch zu nehmen? Wir sind transparent, daher zeigen wir Ihnen gerne, wie der gesamte Prozess ablaufen wird!<\/p>\n<\/div><\/div><\/div><\/div><\/div><\/div><\/section><section class=\"l-section wpb_row yucatan_timeline height_large\"><div class=\"l-section-h i-cf\"><div class=\"g-cols vc_row via_grid cols_1 laptops-cols_inherit tablets-cols_inherit mobiles-cols_1 valign_top type_default stacking_default\"><div class=\"wpb_column vc_column_container\"><div class=\"vc_column-inner\"><div class=\"w-vwrapper us_custom_4a593b65 yucatan_timeline_item us_animate_this align_none valign_top\"><div class=\"w-image us_custom_96a202b6 align_none\"><div class=\"w-image-h\"><img loading=\"lazy\" decoding=\"async\" width=\"1024\" height=\"1024\" src=\"https:\/\/yucatan.sk\/wp-content\/uploads\/2023\/07\/003-phone-call.svg\" class=\"attachment-large size-large\" alt=\"\" \/><\/div><\/div><div class=\"wpb_text_column us_custom_68dc23f5 title title-48\"><div class=\"wpb_wrapper\"><p>KONTAKTIEREN SIE UNS<\/p>\n<\/div><\/div><div class=\"wpb_text_column us_custom_b48a8d85 text text-20\"><div class=\"wpb_wrapper\"><p>Teilen Sie uns mit, dass Sie unsere Dienstleistungen nutzen m\u00f6chten, und <a href=\"https:\/\/yucatan.sk\/de\/kontakt\/\">kontaktieren Sie uns<\/a>.<\/p>\n<\/div><\/div><\/div><div class=\"w-vwrapper us_custom_4a593b65 yucatan_timeline_item us_animate_this align_none valign_top\"><div class=\"w-image us_custom_96a202b6 align_none\"><div class=\"w-image-h\"><img loading=\"lazy\" decoding=\"async\" width=\"1024\" height=\"1024\" src=\"https:\/\/yucatan.sk\/wp-content\/uploads\/2023\/07\/004-open-box.svg\" class=\"attachment-large size-large\" alt=\"\" \/><\/div><\/div><div class=\"wpb_text_column us_custom_68dc23f5 title title-48\"><div class=\"wpb_wrapper\"><p>MASSGESCHNEIDERTE L\u00d6SUNG<\/p>\n<\/div><\/div><div class=\"wpb_text_column us_custom_b48a8d85 text text-20\"><div class=\"wpb_wrapper\"><p>Wir w\u00e4hlen das Transportmittel und die Transportart exakt nach Ihren Anforderungen aus.<\/p>\n<\/div><\/div><\/div><div class=\"w-vwrapper us_custom_4a593b65 yucatan_timeline_item us_animate_this align_none valign_top\"><div class=\"w-image us_custom_96a202b6 align_none\"><div class=\"w-image-h\"><img loading=\"lazy\" decoding=\"async\" width=\"1024\" height=\"1024\" src=\"https:\/\/yucatan.sk\/wp-content\/uploads\/2023\/07\/005-chat-box.svg\" class=\"attachment-large size-large\" alt=\"\" \/><\/div><\/div><div class=\"wpb_text_column us_custom_68dc23f5 title title-48\"><div class=\"wpb_wrapper\"><p>BERATUNG VON OPTIONEN<\/p>\n<\/div><\/div><div class=\"wpb_text_column us_custom_b48a8d85 text text-20\"><div class=\"wpb_wrapper\"><p>Wir senden Ihnen unseren Planvorschlag zu und besprechen ihn mit Ihnen. Bei Fragen k\u00f6nnen Sie sich jederzeit an uns wenden.<\/p>\n<\/div><\/div><\/div><div class=\"w-vwrapper us_custom_4a593b65 yucatan_timeline_item us_animate_this align_none valign_top\"><div class=\"w-image us_custom_96a202b6 align_none\"><div class=\"w-image-h\"><img loading=\"lazy\" decoding=\"async\" width=\"1024\" height=\"1024\" src=\"https:\/\/yucatan.sk\/wp-content\/uploads\/2023\/07\/002-write.svg\" class=\"attachment-large size-large\" alt=\"\" \/><\/div><\/div><div class=\"wpb_text_column us_custom_68dc23f5 title title-48\"><div class=\"wpb_wrapper\"><p>SIE HABEN DIE WAHL<\/p>\n<\/div><\/div><div class=\"wpb_text_column us_custom_b48a8d85 text text-20\"><div class=\"wpb_wrapper\"><p>Sie haben das letzte Wort. Wenn Ihnen etwas in unserem Plan nicht passt, passen wir ihn gerne an.<\/p>\n<\/div><\/div><\/div><div class=\"w-vwrapper us_custom_4a593b65 yucatan_timeline_item us_animate_this align_none valign_top\"><div class=\"w-image us_custom_96a202b6 align_none\"><div class=\"w-image-h\"><img loading=\"lazy\" decoding=\"async\" width=\"1024\" height=\"1024\" src=\"https:\/\/yucatan.sk\/wp-content\/uploads\/2023\/07\/001-pallet.svg\" class=\"attachment-large size-large\" alt=\"\" \/><\/div><\/div><div class=\"wpb_text_column us_custom_68dc23f5 title title-48\"><div class=\"wpb_wrapper\"><p>VERSAND VON AUTO<br \/>\nUND VERLADUNG VON WAREN<\/p>\n<\/div><\/div><div class=\"wpb_text_column us_custom_b48a8d85 text text-20\"><div class=\"wpb_wrapper\"><p>Nachdem der Transportplan genehmigt wird, warten Sie einfach an der vorgew\u00e4hlten Adresse auf das Auto und machen Sie sich bereit, die Ware zu laden!<\/p>\n<\/div><\/div><\/div><div class=\"w-vwrapper us_custom_4a593b65 yucatan_timeline_item us_animate_this align_none valign_top\"><div class=\"w-image us_custom_96a202b6 align_none\"><div class=\"w-image-h\"><img loading=\"lazy\" decoding=\"async\" width=\"1024\" height=\"1024\" src=\"https:\/\/yucatan.sk\/wp-content\/uploads\/2023\/07\/006-delivery-truck.svg\" class=\"attachment-large size-large\" alt=\"\" \/><\/div><\/div><div class=\"wpb_text_column us_custom_68dc23f5 title title-48\"><div class=\"wpb_wrapper\"><p>TRANSPORT ZU IHREM ZIEL<\/p>\n<\/div><\/div><div class=\"wpb_text_column us_custom_b48a8d85 text text-20\"><div class=\"wpb_wrapper\"><p>Unser Fahrer transportiert die Ware mit gr\u00f6\u00dfter Sorgfalt und zum vereinbarten Zeitpunkt an den vereinbarten Ort.<\/p>\n<\/div><\/div><\/div><div class=\"w-vwrapper us_custom_4a593b65 yucatan_timeline_item us_animate_this align_none valign_top\"><div class=\"w-image us_custom_96a202b6 align_none\"><div class=\"w-image-h\"><img loading=\"lazy\" decoding=\"async\" width=\"1024\" height=\"1024\" src=\"https:\/\/yucatan.sk\/wp-content\/uploads\/2023\/07\/007-document.svg\" class=\"attachment-large size-large\" alt=\"\" \/><\/div><\/div><div class=\"wpb_text_column us_custom_68dc23f5 title title-48\"><div class=\"wpb_wrapper\"><p>\u00dcBERMITTLUNG VON DOKUMENTEN<\/p>\n<\/div><\/div><div class=\"wpb_text_column us_custom_b48a8d85 text text-20\"><div class=\"wpb_wrapper\"><p>Schlie\u00dflich senden wir Ihnen auch alle Dokumente zu, die f\u00fcr den Transport selbst erforderlich sind. Sie finden ihre Vorlagen auch auf unserer Unterseite Dokumente.<\/p>\n<\/div><\/div><\/div><\/div><\/div><\/div><\/div><\/section>\n","protected":false},"excerpt":{"rendered":"SCHRITT-F\u00dcR-SCHRITT-VERSANDPROZESS Denken Sie dar\u00fcber nach, unseren Versandservice in Anspruch zu nehmen? Wir sind transparent, daher zeigen wir Ihnen gerne, wie der gesamte Prozess ablaufen wird! KONTAKTIEREN SIE UNS Teilen Sie uns mit, dass Sie unsere Dienstleistungen nutzen m\u00f6chten, und kontaktieren Sie uns. MASSGESCHNEIDERTE L\u00d6SUNG Wir w\u00e4hlen das Transportmittel und die Transportart exakt nach Ihren Anforderungen...","protected":false},"author":3,"featured_media":0,"parent":0,"menu_order":0,"comment_status":"closed","ping_status":"closed","template":"","meta":{"inline_featured_image":false,"footnotes":""},"class_list":["post-454","page","type-page","status-publish","hentry"],"acf":[],"_links":{"self":[{"href":"https:\/\/yucatan.sk\/de\/wp-json\/wp\/v2\/pages\/454","targetHints":{"allow":["GET"]}}],"collection":[{"href":"https:\/\/yucatan.sk\/de\/wp-json\/wp\/v2\/pages"}],"about":[{"href":"https:\/\/yucatan.sk\/de\/wp-json\/wp\/v2\/types\/page"}],"author":[{"embeddable":true,"href":"https:\/\/yucatan.sk\/de\/wp-json\/wp\/v2\/users\/3"}],"replies":[{"embeddable":true,"href":"https:\/\/yucatan.sk\/de\/wp-json\/wp\/v2\/comments?post=454"}],"version-history":[{"count":4,"href":"https:\/\/yucatan.sk\/de\/wp-json\/wp\/v2\/pages\/454\/revisions"}],"predecessor-version":[{"id":520,"href":"https:\/\/yucatan.sk\/de\/wp-json\/wp\/v2\/pages\/454\/revisions\/520"}],"wp:attachment":[{"href":"https:\/\/yucatan.sk\/de\/wp-json\/wp\/v2\/media?parent=454"}],"curies":[{"name":"wp","href":"https:\/\/api.w.org\/{rel}","templated":true}]}}