{"id":452,"date":"2023-07-23T14:11:40","date_gmt":"2023-07-23T12:11:40","guid":{"rendered":"https:\/\/yucatan.sk\/?page_id=452"},"modified":"2024-05-26T20:09:39","modified_gmt":"2024-05-26T18:09:39","slug":"unsere-dienstleistungen","status":"publish","type":"page","link":"https:\/\/yucatan.sk\/de\/unsere-dienstleistungen\/","title":{"rendered":"Unsere Dienstleistungen"},"content":{"rendered":"<section class=\"l-section wpb_row height_auto width_full with_img\" id=\"yucatan_header_small\"><div class=\"l-section-img\" data-img-width=\"1932\" data-img-height=\"596\" style=\"background-image: url(https:\/\/yucatan.sk\/wp-content\/uploads\/2023\/07\/kamionova-doprava-sluzby.jpg);background-repeat: no-repeat;background-size: auto;\"><\/div><div class=\"l-section-overlay\" style=\"background:rgba(15,15,15,0.58)\"><\/div><div class=\"l-section-h i-cf\"><div class=\"g-cols vc_row via_grid cols_1 laptops-cols_inherit tablets-cols_inherit mobiles-cols_1 valign_top type_default stacking_default\"><div class=\"wpb_column vc_column_container\"><div class=\"vc_column-inner\"><div class=\"wpb_text_column us_custom_29556189 title title-82 us_animate_this\"><div class=\"wpb_wrapper\"><p>Unsere leistungen auf dem weg zu ihnen<\/p>\n<\/div><\/div><\/div><\/div><\/div><\/div><\/section><section class=\"l-section wpb_row us_custom_959c093f height_large\"><div class=\"l-section-h i-cf\"><div class=\"g-cols vc_row via_grid cols_1 laptops-cols_inherit tablets-cols_inherit mobiles-cols_1 valign_top type_default stacking_default\"><div class=\"wpb_column vc_column_container\"><div class=\"vc_column-inner\"><div class=\"wpb_text_column us_custom_4f9b088f text text-20\"><div class=\"wpb_wrapper\"><p>Was auch immer Sie transportieren m\u00fcssen, wir werden versuchen, einen ma\u00dfgeschneiderten Transportplan zu erstellen, der alle Ihre Bed\u00fcrfnisse erf\u00fcllt.<\/p>\n<\/div><\/div><\/div><\/div><\/div><\/div><\/section><section class=\"l-section wpb_row us_custom_e64914e8 height_large\"><div class=\"l-section-h i-cf\"><div class=\"g-cols vc_row via_grid cols_2 laptops-cols_inherit tablets-cols_inherit mobiles-cols_1 valign_middle type_default stacking_default\" style=\"grid-gap:0rem;\"><div class=\"wpb_column vc_column_container us_custom_f60e30bc\"><div class=\"vc_column-inner\"><div class=\"w-image us_custom_d5f51668 img_full img_covered us_animate_this align_none\"><div class=\"w-image-h\"><img loading=\"lazy\" decoding=\"async\" width=\"594\" height=\"762\" src=\"https:\/\/yucatan.sk\/wp-content\/uploads\/2023\/07\/expresne-transporty.jpg\" class=\"attachment-large size-large\" alt=\"\" srcset=\"https:\/\/yucatan.sk\/wp-content\/uploads\/2023\/07\/expresne-transporty.jpg 594w, https:\/\/yucatan.sk\/wp-content\/uploads\/2023\/07\/expresne-transporty-234x300.jpg 234w\" sizes=\"auto, (max-width: 594px) 100vw, 594px\" \/><\/div><\/div><\/div><\/div><div class=\"wpb_column vc_column_container\"><div class=\"vc_column-inner\"><div class=\"wpb_text_column us_custom_2dc43f92 title title-48\"><div class=\"wpb_wrapper\"><p>EXPRESS-TRANSPORTE<\/p>\n<\/div><\/div><div class=\"wpb_text_column us_custom_ba5cfe04 text text-20\"><div class=\"wpb_wrapper\"><p>Wir haben keine Zeit zu verlieren! Sind Sie auf der Suche nach einem schnellen und problemlosen Transport? W\u00e4hlen Sie den Express-Transport-Service, dank dem wir Ihre Waren genau zum richtigen Zeitpunkt abholen und unser Versandzentrum Sie st\u00e4ndig dar\u00fcber informiert, wo sich das Auto mit der Ware befindet und wann es an seinem Bestimmungsort ankommt.<\/p>\n<\/div><\/div><div class=\"w-btn-wrapper align_justify\"><a class=\"w-btn us-btn-style_1 us_custom_3ec1cbb8 icon_atright\" title=\"Kontakt\" href=\"https:\/\/yucatan.sk\/de\/kontakt\/\"><span class=\"w-btn-label\">ICH BIN INTERESSIERT<\/span><i class=\"fas fa-arrow-right\"><\/i><\/a><\/div><\/div><\/div><\/div><\/div><\/section><section class=\"l-section wpb_row us_custom_e64914e8 height_large\"><div class=\"l-section-h i-cf\"><div class=\"g-cols vc_row via_grid cols_2 laptops-cols_inherit tablets-cols_inherit mobiles-cols_1 valign_middle type_default reversed stacking_default\" style=\"grid-gap:0rem;\"><div class=\"wpb_column vc_column_container us_custom_a2ebf4ae\"><div class=\"vc_column-inner\"><div class=\"wpb_text_column us_custom_2dc43f92 title title-48\"><div class=\"wpb_wrapper\"><p>INL\u00c4NDISCHER UND INTERNATIONALER G\u00dcTERVERKEHR<\/p>\n<\/div><\/div><div class=\"wpb_text_column us_custom_ba5cfe04 text text-20\"><div class=\"wpb_wrapper\"><p>Egal, ob Sie Waren innerhalb eines Landes oder mehrerer L\u00e4nder transportieren m\u00fcssen, mit der Dienstleistung Inl\u00e4ndischer und internationaler G\u00fctertransport transportieren wir alles, was Sie brauchen, an fast jeden Ort in Europa!<\/p>\n<\/div><\/div><div class=\"w-btn-wrapper align_justify\"><a class=\"w-btn us-btn-style_1 us_custom_3ec1cbb8 icon_atright\" title=\"Kontakt\" href=\"https:\/\/yucatan.sk\/de\/kontakt\/\"><span class=\"w-btn-label\">ICH BIN INTERESSIERT<\/span><i class=\"fas fa-arrow-right\"><\/i><\/a><\/div><\/div><\/div><div class=\"wpb_column vc_column_container us_custom_55a6851f\"><div class=\"vc_column-inner\"><div class=\"w-image us_custom_8c343e21 img_full img_covered rotated us_animate_this align_none\"><div class=\"w-image-h\"><img loading=\"lazy\" decoding=\"async\" width=\"594\" height=\"762\" src=\"https:\/\/yucatan.sk\/wp-content\/uploads\/2023\/07\/vnutrostatna-doprava.jpg\" class=\"attachment-large size-large\" alt=\"\" srcset=\"https:\/\/yucatan.sk\/wp-content\/uploads\/2023\/07\/vnutrostatna-doprava.jpg 594w, https:\/\/yucatan.sk\/wp-content\/uploads\/2023\/07\/vnutrostatna-doprava-234x300.jpg 234w\" sizes=\"auto, (max-width: 594px) 100vw, 594px\" \/><\/div><\/div><\/div><\/div><\/div><\/div><\/section><section class=\"l-section wpb_row us_custom_e64914e8 height_large\"><div class=\"l-section-h i-cf\"><div class=\"g-cols vc_row via_grid cols_2 laptops-cols_inherit tablets-cols_inherit mobiles-cols_1 valign_middle type_default stacking_default\" style=\"grid-gap:0rem;\"><div class=\"wpb_column vc_column_container us_custom_f60e30bc\"><div class=\"vc_column-inner\"><div class=\"w-image us_custom_d5f51668 img_full img_covered us_animate_this align_none\"><div class=\"w-image-h\"><img loading=\"lazy\" decoding=\"async\" width=\"594\" height=\"762\" src=\"https:\/\/yucatan.sk\/wp-content\/uploads\/2023\/07\/letecka-doprava.jpg\" class=\"attachment-large size-large\" alt=\"\" srcset=\"https:\/\/yucatan.sk\/wp-content\/uploads\/2023\/07\/letecka-doprava.jpg 594w, https:\/\/yucatan.sk\/wp-content\/uploads\/2023\/07\/letecka-doprava-234x300.jpg 234w\" sizes=\"auto, (max-width: 594px) 100vw, 594px\" \/><\/div><\/div><\/div><\/div><div class=\"wpb_column vc_column_container\"><div class=\"vc_column-inner\"><div class=\"wpb_text_column us_custom_2dc43f92 title title-48\"><div class=\"wpb_wrapper\"><p>LUFTTRANSPORT<\/p>\n<\/div><\/div><div class=\"wpb_text_column us_custom_ba5cfe04 text text-20\"><div class=\"wpb_wrapper\"><p>M\u00fcssen Sie etwas schnell und aus gro\u00dfer Ferne transportieren? Vielleicht sollten Sie einen Lufttransportservice in Betracht ziehen, der Sie nicht im Stich l\u00e4sst und alles, was Sie brauchen, von einem Kontinent zum anderen bringt oder mitnimmt.<\/p>\n<\/div><\/div><div class=\"w-btn-wrapper align_justify\"><a class=\"w-btn us-btn-style_1 us_custom_3ec1cbb8 icon_atright\" title=\"Kontakt\" href=\"https:\/\/yucatan.sk\/de\/kontakt\/\"><span class=\"w-btn-label\">ICH BIN INTERESSIERT<\/span><i class=\"fas fa-arrow-right\"><\/i><\/a><\/div><\/div><\/div><\/div><\/div><\/section><section class=\"l-section wpb_row us_custom_e64914e8 height_large\"><div class=\"l-section-h i-cf\"><div class=\"g-cols vc_row via_grid cols_2 laptops-cols_inherit tablets-cols_inherit mobiles-cols_1 valign_middle type_default reversed stacking_default\" style=\"grid-gap:0rem;\"><div class=\"wpb_column vc_column_container us_custom_a2ebf4ae\"><div class=\"vc_column-inner\"><div class=\"wpb_text_column us_custom_2dc43f92 title title-48\"><div class=\"wpb_wrapper\"><p>SCHIFFSTRANSPORT<\/p>\n<\/div><\/div><div class=\"wpb_text_column us_custom_ba5cfe04 text text-20\"><div class=\"wpb_wrapper\"><p>Manche \u00fcbergro\u00dfen Ladungen schaffen es nicht, mit dem Flugzeug zu reisen. Egal, ob es sich um einen ganzen Container oder nur um eine gr\u00f6\u00dfere Ladung handelt, der Schifftransportdienst kann Ihnen helfen, \u00fcber Meere oder sogar Ozeane zu transportieren.<\/p>\n<\/div><\/div><div class=\"w-btn-wrapper align_justify\"><a class=\"w-btn us-btn-style_1 us_custom_3ec1cbb8 icon_atright\" title=\"Kontakt\" href=\"https:\/\/yucatan.sk\/de\/kontakt\/\"><span class=\"w-btn-label\">ICH BIN INTERESSIERT<\/span><i class=\"fas fa-arrow-right\"><\/i><\/a><\/div><\/div><\/div><div class=\"wpb_column vc_column_container us_custom_55a6851f\"><div class=\"vc_column-inner\"><div class=\"w-image us_custom_8c343e21 img_full img_covered rotated us_animate_this align_none\"><div class=\"w-image-h\"><img loading=\"lazy\" decoding=\"async\" width=\"594\" height=\"762\" src=\"https:\/\/yucatan.sk\/wp-content\/uploads\/2023\/07\/namorna-preprava.jpg\" class=\"attachment-large size-large\" alt=\"\" srcset=\"https:\/\/yucatan.sk\/wp-content\/uploads\/2023\/07\/namorna-preprava.jpg 594w, https:\/\/yucatan.sk\/wp-content\/uploads\/2023\/07\/namorna-preprava-234x300.jpg 234w\" sizes=\"auto, (max-width: 594px) 100vw, 594px\" \/><\/div><\/div><\/div><\/div><\/div><\/div><\/section><section class=\"l-section wpb_row us_custom_e64914e8 height_large\"><div class=\"l-section-h i-cf\"><div class=\"g-cols vc_row via_grid cols_2 laptops-cols_inherit tablets-cols_inherit mobiles-cols_1 valign_middle type_default stacking_default\" style=\"grid-gap:0rem;\"><div class=\"wpb_column vc_column_container us_custom_f60e30bc\"><div class=\"vc_column-inner\"><div class=\"w-image us_custom_d5f51668 img_full img_covered us_animate_this align_none\"><div class=\"w-image-h\"><img loading=\"lazy\" decoding=\"async\" width=\"594\" height=\"762\" src=\"https:\/\/yucatan.sk\/wp-content\/uploads\/2023\/07\/zeleznicna-doprava.jpg\" class=\"attachment-large size-large\" alt=\"\" srcset=\"https:\/\/yucatan.sk\/wp-content\/uploads\/2023\/07\/zeleznicna-doprava.jpg 594w, https:\/\/yucatan.sk\/wp-content\/uploads\/2023\/07\/zeleznicna-doprava-234x300.jpg 234w\" sizes=\"auto, (max-width: 594px) 100vw, 594px\" \/><\/div><\/div><\/div><\/div><div class=\"wpb_column vc_column_container\"><div class=\"vc_column-inner\"><div class=\"wpb_text_column us_custom_2dc43f92 title title-48\"><div class=\"wpb_wrapper\"><p>SCHIENENTRANSPORT<\/p>\n<\/div><\/div><div class=\"wpb_text_column us_custom_ba5cfe04 text text-20\"><div class=\"wpb_wrapper\"><p>Sie sind auf der Suche nach einer wirtschaftlichen und umweltfreundlichen L\u00f6sung f\u00fcr den Transport gr\u00f6\u00dferer Sendungen? Probieren Sie den Schienentransport-Service aus! Wir w\u00e4hlen f\u00fcr Sie den passenden Zug aus, mit dem Ihre Waren auf der Schiene direkt ans Ziel kommen.<\/p>\n<\/div><\/div><div class=\"w-btn-wrapper align_justify\"><a class=\"w-btn us-btn-style_1 us_custom_3ec1cbb8 icon_atright\" title=\"Kontakt\" href=\"https:\/\/yucatan.sk\/de\/kontakt\/\"><span class=\"w-btn-label\">ICH BIN INTERESSIERT<\/span><i class=\"fas fa-arrow-right\"><\/i><\/a><\/div><\/div><\/div><\/div><\/div><\/section><section class=\"l-section wpb_row us_custom_e64914e8 height_large\"><div class=\"l-section-h i-cf\"><div class=\"g-cols vc_row via_grid cols_2 laptops-cols_inherit tablets-cols_inherit mobiles-cols_1 valign_middle type_default reversed stacking_default\" style=\"grid-gap:0rem;\"><div class=\"wpb_column vc_column_container us_custom_a2ebf4ae\"><div class=\"vc_column-inner\"><div class=\"wpb_text_column us_custom_2dc43f92 title title-48\"><div class=\"wpb_wrapper\"><p>LOGISTIK-DIENSTLEISTUNGEN<br \/>\nUND LAGERUNG<\/p>\n<\/div><\/div><div class=\"wpb_text_column us_custom_ba5cfe04 text text-20\"><div class=\"wpb_wrapper\"><p>Wollen Sie keine Zeit mit der Logistik an sich verschwenden, oder haben Sie einfach nicht die Zellen daf\u00fcr? \u00dcberlassen Sie es uns! Wir k\u00fcmmern uns um den Gesamtplan, dank dem Sie sich nicht mit der Verteilung, Inventarisierung oder \u00dcberwachung des Gesamtprozesses befassen m\u00fcssen.<\/p>\n<\/div><\/div><div class=\"w-btn-wrapper align_justify\"><a class=\"w-btn us-btn-style_1 us_custom_3ec1cbb8 icon_atright\" title=\"Kontakt\" href=\"https:\/\/yucatan.sk\/de\/kontakt\/\"><span class=\"w-btn-label\">ICH BIN INTERESSIERT<\/span><i class=\"fas fa-arrow-right\"><\/i><\/a><\/div><\/div><\/div><div class=\"wpb_column vc_column_container us_custom_55a6851f\"><div class=\"vc_column-inner\"><div class=\"w-image us_custom_8c343e21 img_full img_covered rotated us_animate_this align_none\"><div class=\"w-image-h\"><img loading=\"lazy\" decoding=\"async\" width=\"594\" height=\"762\" src=\"https:\/\/yucatan.sk\/wp-content\/uploads\/2023\/07\/logisticke-sluzby-a-skladovanie.jpg\" class=\"attachment-large size-large\" alt=\"\" srcset=\"https:\/\/yucatan.sk\/wp-content\/uploads\/2023\/07\/logisticke-sluzby-a-skladovanie.jpg 594w, https:\/\/yucatan.sk\/wp-content\/uploads\/2023\/07\/logisticke-sluzby-a-skladovanie-234x300.jpg 234w\" sizes=\"auto, (max-width: 594px) 100vw, 594px\" \/><\/div><\/div><\/div><\/div><\/div><\/div><\/section><section class=\"l-section wpb_row us_custom_de3f7290 height_large\"><div class=\"l-section-h i-cf\"><div class=\"g-cols vc_row via_grid cols_2 laptops-cols_inherit tablets-cols_inherit mobiles-cols_1 valign_middle type_default stacking_default\" style=\"grid-gap:0rem;\"><div class=\"wpb_column vc_column_container us_custom_f60e30bc\"><div class=\"vc_column-inner\"><div class=\"w-image us_custom_d5f51668 img_full img_covered us_animate_this align_none\"><div class=\"w-image-h\"><img loading=\"lazy\" decoding=\"async\" width=\"594\" height=\"762\" src=\"https:\/\/yucatan.sk\/wp-content\/uploads\/2023\/07\/nadrozmerna-preprava.jpg\" class=\"attachment-large size-large\" alt=\"\" srcset=\"https:\/\/yucatan.sk\/wp-content\/uploads\/2023\/07\/nadrozmerna-preprava.jpg 594w, https:\/\/yucatan.sk\/wp-content\/uploads\/2023\/07\/nadrozmerna-preprava-234x300.jpg 234w\" sizes=\"auto, (max-width: 594px) 100vw, 594px\" \/><\/div><\/div><\/div><\/div><div class=\"wpb_column vc_column_container\"><div class=\"vc_column-inner\"><div class=\"wpb_text_column us_custom_2dc43f92 title title-48\"><div class=\"wpb_wrapper\"><p>TRANSPORT \u00dcBERGROSSER LADUNGEN<\/p>\n<\/div><\/div><div class=\"wpb_text_column us_custom_ba5cfe04 text text-20\"><div class=\"wpb_wrapper\"><p>Wenn Sie eine Ladung transportieren m\u00fcssen, die nicht Kilogramm, sondern Tonnen wiegt, ist unser Dienst Transport \u00fcbergro\u00dfer Ladungen auf jeden Fall praktisch. Es braucht die richtigen Maschinen, ein erfahrenes Team und vor allem die richtige Vorbereitung und Planung, dank derer sogar der Berg (die Ware) schlie\u00dflich Muhammad erreichen wird.<\/p>\n<\/div><\/div><div class=\"w-btn-wrapper align_justify\"><a class=\"w-btn us-btn-style_1 us_custom_3ec1cbb8 icon_atright\" title=\"Kontakt\" href=\"https:\/\/yucatan.sk\/de\/kontakt\/\"><span class=\"w-btn-label\">ICH BIN INTERESSIERT<\/span><i class=\"fas fa-arrow-right\"><\/i><\/a><\/div><\/div><\/div><\/div><\/div><\/section>\n","protected":false},"excerpt":{"rendered":"Unsere leistungen auf dem weg zu ihnen Was auch immer Sie transportieren m\u00fcssen, wir werden versuchen, einen ma\u00dfgeschneiderten Transportplan zu erstellen, der alle Ihre Bed\u00fcrfnisse erf\u00fcllt. EXPRESS-TRANSPORTE Wir haben keine Zeit zu verlieren! Sind Sie auf der Suche nach einem schnellen und problemlosen Transport? W\u00e4hlen Sie den Express-Transport-Service, dank dem wir Ihre Waren genau zum...","protected":false},"author":3,"featured_media":0,"parent":0,"menu_order":0,"comment_status":"closed","ping_status":"closed","template":"","meta":{"inline_featured_image":false,"footnotes":""},"class_list":["post-452","page","type-page","status-publish","hentry"],"acf":[],"_links":{"self":[{"href":"https:\/\/yucatan.sk\/de\/wp-json\/wp\/v2\/pages\/452","targetHints":{"allow":["GET"]}}],"collection":[{"href":"https:\/\/yucatan.sk\/de\/wp-json\/wp\/v2\/pages"}],"about":[{"href":"https:\/\/yucatan.sk\/de\/wp-json\/wp\/v2\/types\/page"}],"author":[{"embeddable":true,"href":"https:\/\/yucatan.sk\/de\/wp-json\/wp\/v2\/users\/3"}],"replies":[{"embeddable":true,"href":"https:\/\/yucatan.sk\/de\/wp-json\/wp\/v2\/comments?post=452"}],"version-history":[{"count":6,"href":"https:\/\/yucatan.sk\/de\/wp-json\/wp\/v2\/pages\/452\/revisions"}],"predecessor-version":[{"id":518,"href":"https:\/\/yucatan.sk\/de\/wp-json\/wp\/v2\/pages\/452\/revisions\/518"}],"wp:attachment":[{"href":"https:\/\/yucatan.sk\/de\/wp-json\/wp\/v2\/media?parent=452"}],"curies":[{"name":"wp","href":"https:\/\/api.w.org\/{rel}","templated":true}]}}