{"id":450,"date":"2023-07-23T18:02:31","date_gmt":"2023-07-23T16:02:31","guid":{"rendered":"https:\/\/yucatan.sk\/?page_id=450"},"modified":"2024-05-27T16:13:33","modified_gmt":"2024-05-27T14:13:33","slug":"kontakt","status":"publish","type":"page","link":"https:\/\/yucatan.sk\/de\/kontakt\/","title":{"rendered":"Kontakt"},"content":{"rendered":"<section class=\"l-section wpb_row height_auto width_full with_img\" id=\"yucatan_header_small\"><div class=\"l-section-img\" data-img-width=\"3840\" data-img-height=\"1192\" style=\"background-image: url(https:\/\/yucatan.sk\/wp-content\/uploads\/2023\/10\/kontakt_obrazok.png);background-repeat: no-repeat;background-size: auto;\"><\/div><div class=\"l-section-overlay\" style=\"background:rgba(15,15,15,0.58)\"><\/div><div class=\"l-section-h i-cf\"><div class=\"g-cols vc_row via_grid cols_1 laptops-cols_inherit tablets-cols_inherit mobiles-cols_1 valign_top type_default stacking_default\"><div class=\"wpb_column vc_column_container\"><div class=\"vc_column-inner\"><div class=\"wpb_text_column us_custom_fc432b23 title title-82 us_animate_this\"><div class=\"wpb_wrapper\"><p>Kontaktieren Sie uns<\/p>\n<\/div><\/div><\/div><\/div><\/div><\/div><\/section><section class=\"l-section wpb_row us_custom_dba25bb1 height_large width_full\"><div class=\"l-section-h i-cf\"><div class=\"g-cols vc_row via_grid cols_1 laptops-cols_inherit tablets-cols_inherit mobiles-cols_1 valign_top type_default stacking_default\"><div class=\"wpb_column vc_column_container\"><div class=\"vc_column-inner\"><section class=\"l-section wpb_row us_custom_a66e3078 height_large width_full\"><div class=\"l-section-h i-cf\"><div class=\"g-cols vc_row via_grid cols_2 laptops-cols_inherit tablets-cols_inherit mobiles-cols_1 valign_middle type_default stacking_default\" style=\"grid-gap:0rem;\"><div class=\"wpb_column vc_column_container us_custom_2558f801\"><div class=\"vc_column-inner\"><div class=\"wpb_text_column us_custom_2065449b subtitle subtitle-16\"><div class=\"wpb_wrapper\"><p>Warum wir?<\/p>\n<\/div><\/div><div class=\"wpb_text_column us_custom_ec1d79bd title title-64\"><div class=\"wpb_wrapper\"><p>WIR SIND F\u00dcR SIE DA<\/p>\n<\/div><\/div><div class=\"wpb_text_column us_custom_f9c24d6d text text-24\"><div class=\"wpb_wrapper\"><p>Rufen Sie uns an, schreiben Sie uns oder besuchen Sie uns direkt.<\/p>\n<\/div><\/div><div class=\"g-cols wpb_row yucatan_small_boxes via_grid cols_2 laptops-cols_inherit tablets-cols_inherit mobiles-cols_1 valign_top type_default stacking_default\" style=\"grid-gap:1.5%;\"><div class=\"wpb_column vc_column_container us_custom_8f2ba1f4 yucatan_small_box clickbox us_animate_this\"><div class=\"vc_column-inner\"><div class=\"wpb_text_column us_custom_330a9666 subtitle subtitle-16 has_text_color\"><div class=\"wpb_wrapper\"><p>SCHNELLE INFOLINE<\/p>\n<\/div><\/div><div class=\"w-text us_custom_900ff3b8 title title-20 has_text_color\"><a title=\"zavolajte n\u00e1m\" href=\"tel:+421911553094\" class=\"w-text-h\"><span class=\"w-text-value\">+421 911 553 094<\/span><\/a><\/div><\/div><\/div><div class=\"wpb_column vc_column_container us_custom_eaca26c6 yucatan_small_box clickbox us_animate_this\"><div class=\"vc_column-inner\"><div class=\"wpb_text_column us_custom_330a9666 subtitle subtitle-16 has_text_color\"><div class=\"wpb_wrapper\"><p>E-mail<\/p>\n<\/div><\/div><div class=\"w-text us_custom_900ff3b8 title title-20 has_text_color\"><a title=\"nap\u00ed\u0161te n\u00e1m\" href=\"mailto:transport@yucatan.sk\" class=\"w-text-h\"><span class=\"w-text-value\">transport@yucatan.sk<\/span><\/a><\/div><\/div><\/div><\/div><\/div><\/div><div class=\"wpb_column vc_column_container us_custom_997b6052 yucatan_map\"><div class=\"vc_column-inner\"><div class=\"w-map provider_osm us_custom_0ccc3812\" id=\"us_map_1\"><div class=\"w-map-inner\"><div class=\"w-map-json\" onclick='return {&quot;address&quot;:&quot;48.523129782450354, 21.661131913491893&quot;,&quot;disableDragging&quot;:0,&quot;disableZoom&quot;:1,&quot;hideControls&quot;:1,&quot;zoom&quot;:6,&quot;markers&quot;:[{&quot;address&quot;:&quot;48.523129782450354, 21.661131913491893&quot;,&quot;html&quot;:&quot;&lt;span class=\\&quot;yucatan_map_title\\&quot;&gt;Hier finden Sie uns&lt;\\\/span&gt;&lt;\\\/br&gt;\\n&lt;span class=\\&quot;yucatan_map_text\\&quot;&gt;\\nStani\\u010dn\\u00e1 21\\\/1&lt;\\\/br&gt;\\n07615 Ve\\u013eaty\\n&lt;\\\/span&gt;&quot;,&quot;infowindow&quot;:&quot;1&quot;}],&quot;icon&quot;:{&quot;url&quot;:&quot;https:\\\/\\\/yucatan.sk\\\/wp-content\\\/uploads\\\/2023\\\/07\\\/marker_yucatan-1.svg&quot;,&quot;size&quot;:[40,40]},&quot;style&quot;:&quot;https:\\\/\\\/tiles.stadiamaps.com\\\/tiles\\\/alidade_smooth_dark\\\/{z}\\\/{x}\\\/{y}{r}.png&quot;}'><\/div><\/div><\/div><\/div><\/div><\/div><\/div><\/section>\n<\/div><\/div><\/div><\/div><\/section><section class=\"l-section wpb_row height_large\"><div class=\"l-section-h i-cf\"><div class=\"g-cols vc_row via_grid cols_1 laptops-cols_inherit tablets-cols_inherit mobiles-cols_1 valign_top type_default stacking_default\"><div class=\"wpb_column vc_column_container\"><div class=\"vc_column-inner\"><div class=\"wpb_text_column us_custom_1f251d53 subtitle subtitle-16\"><div class=\"wpb_wrapper\"><p>KONTAKTFORMULAR<\/p>\n<\/div><\/div><div class=\"wpb_text_column us_custom_31577aea title title-64\"><div class=\"wpb_wrapper\"><p>HINTERLASSEN SIE UNS EINE NACHRICHT<\/p>\n<\/div><\/div><div class=\"g-cols wpb_row yucatan_form via_grid cols_1 laptops-cols_inherit tablets-cols_inherit mobiles-cols_1 valign_top type_default stacking_default\"><div class=\"wpb_column vc_column_container\"><div class=\"vc_column-inner\">\n<div class=\"wpcf7 no-js us_custom_3f0b5b29\" id=\"wpcf7-f537-o1\" lang=\"de-DE\" dir=\"ltr\">\n<div class=\"screen-reader-response\"><p role=\"status\" aria-live=\"polite\" aria-atomic=\"true\"><\/p> <ul><\/ul><\/div>\n<form action=\"\/de\/wp-json\/wp\/v2\/pages\/450#wpcf7-f537-o1\" method=\"post\" class=\"wpcf7-form init\" aria-label=\"Kontaktformular\" novalidate=\"novalidate\" data-status=\"init\">\n<div style=\"display: none;\">\n<input type=\"hidden\" name=\"_wpcf7\" value=\"537\" \/>\n<input type=\"hidden\" name=\"_wpcf7_version\" value=\"5.9.3\" \/>\n<input type=\"hidden\" name=\"_wpcf7_locale\" value=\"de_DE\" \/>\n<input type=\"hidden\" name=\"_wpcf7_unit_tag\" value=\"wpcf7-f537-o1\" \/>\n<input type=\"hidden\" name=\"_wpcf7_container_post\" value=\"0\" \/>\n<input type=\"hidden\" name=\"_wpcf7_posted_data_hash\" value=\"\" \/>\n<\/div>\n<div class=\"yucatan_form_group\">\n\t<p><label><span class=\"yucatan_form_label\">Vor- und Nachname\/Organisation<\/span><span class=\"wpcf7-form-control-wrap\" data-name=\"meno\"><input size=\"40\" class=\"wpcf7-form-control wpcf7-text wpcf7-validates-as-required\" aria-required=\"true\" aria-invalid=\"false\" value=\"\" type=\"text\" name=\"meno\" \/><\/span><\/label><label><span class=\"yucatan_form_label\">Tel. Nummer<\/span><span class=\"wpcf7-form-control-wrap\" data-name=\"phone\"><input size=\"40\" class=\"wpcf7-form-control wpcf7-tel wpcf7-text wpcf7-validates-as-tel\" aria-invalid=\"false\" value=\"\" type=\"tel\" name=\"phone\" \/><\/span><\/label>\n\t<\/p>\n<\/div>\n<p><label><span class=\"yucatan_form_label\">Ihre E-Mail-Adresse<\/span><span class=\"wpcf7-form-control-wrap\" data-name=\"email\"><input size=\"40\" class=\"wpcf7-form-control wpcf7-email wpcf7-validates-as-required wpcf7-text wpcf7-validates-as-email\" aria-required=\"true\" aria-invalid=\"false\" value=\"\" type=\"email\" name=\"email\" \/><\/span><\/label><label><!-- <span class=\"yucatan_form_label actived\">Betreff<\/span><span class=\"wpcf7-form-control-wrap\" data-name=\"predmet\"><select class=\"wpcf7-form-control wpcf7-select\" aria-invalid=\"false\" name=\"predmet\"><option value=\"\">Dienstleistung ausw\u00e4hlen<\/option><option value=\"Dienstleistung  1\">Dienstleistung  1<\/option><option value=\"Dienstleistung  2\">Dienstleistung  2<\/option><option value=\"Dienstleistung  3\">Dienstleistung  3<\/option><\/select><\/span><\/label>--><label><span class=\"yucatan_form_label\">Ihre Nachricht<\/span><span class=\"wpcf7-form-control-wrap\" data-name=\"your-message\"><textarea cols=\"40\" rows=\"10\" class=\"wpcf7-form-control wpcf7-textarea\" aria-invalid=\"false\" name=\"your-message\"><\/textarea><\/span><\/label><span class=\"wpcf7-form-control-wrap\" data-name=\"accept\"><span class=\"wpcf7-form-control wpcf7-acceptance\"><span class=\"wpcf7-list-item\"><label><input type=\"checkbox\" name=\"accept\" value=\"1\" aria-invalid=\"false\" \/><span class=\"wpcf7-list-item-label\">Ich stimme der  <a href=\"\/spracovanie-osobnych-udajov\">Verarbeitung personenbezogener Daten zu<\/a><\/span><\/label><\/span><\/span><\/span><input class=\"wpcf7-form-control wpcf7-submit has-spinner\" type=\"submit\" value=\"Senden\" \/><\/label>\n<\/p><p style=\"display: none !important;\" class=\"akismet-fields-container\" data-prefix=\"_wpcf7_ak_\"><label>&#916;<textarea name=\"_wpcf7_ak_hp_textarea\" cols=\"45\" rows=\"8\" maxlength=\"100\"><\/textarea><\/label><input type=\"hidden\" id=\"ak_js_1\" name=\"_wpcf7_ak_js\" value=\"39\"\/><script>document.getElementById( \"ak_js_1\" ).setAttribute( \"value\", ( new Date() ).getTime() );<\/script><\/p><div class=\"wpcf7-response-output\" aria-hidden=\"true\"><\/div>\n<\/form>\n<\/div>\n<\/div><\/div><\/div><\/div><\/div><\/div><\/div><\/section>\n","protected":false},"excerpt":{"rendered":"Kontaktieren Sie uns Warum wir? WIR SIND F\u00dcR SIE DA Rufen Sie uns an, schreiben Sie uns oder besuchen Sie uns direkt. SCHNELLE INFOLINE +421 911 553 094E-mail transport@yucatan.sk KONTAKTFORMULAR HINTERLASSEN SIE UNS EINE NACHRICHT Vor- und Nachname\/OrganisationTel. Nummer Ihre E-Mail-AdresseIhre NachrichtIch stimme der Verarbeitung personenbezogener Daten zu &#916;","protected":false},"author":3,"featured_media":0,"parent":0,"menu_order":0,"comment_status":"closed","ping_status":"closed","template":"","meta":{"inline_featured_image":false,"footnotes":""},"class_list":["post-450","page","type-page","status-publish","hentry"],"acf":[],"_links":{"self":[{"href":"https:\/\/yucatan.sk\/de\/wp-json\/wp\/v2\/pages\/450","targetHints":{"allow":["GET"]}}],"collection":[{"href":"https:\/\/yucatan.sk\/de\/wp-json\/wp\/v2\/pages"}],"about":[{"href":"https:\/\/yucatan.sk\/de\/wp-json\/wp\/v2\/types\/page"}],"author":[{"embeddable":true,"href":"https:\/\/yucatan.sk\/de\/wp-json\/wp\/v2\/users\/3"}],"replies":[{"embeddable":true,"href":"https:\/\/yucatan.sk\/de\/wp-json\/wp\/v2\/comments?post=450"}],"version-history":[{"count":4,"href":"https:\/\/yucatan.sk\/de\/wp-json\/wp\/v2\/pages\/450\/revisions"}],"predecessor-version":[{"id":538,"href":"https:\/\/yucatan.sk\/de\/wp-json\/wp\/v2\/pages\/450\/revisions\/538"}],"wp:attachment":[{"href":"https:\/\/yucatan.sk\/de\/wp-json\/wp\/v2\/media?parent=450"}],"curies":[{"name":"wp","href":"https:\/\/api.w.org\/{rel}","templated":true}]}}