{"id":446,"date":"2023-07-09T18:44:09","date_gmt":"2023-07-09T16:44:09","guid":{"rendered":"https:\/\/yucatan.sk\/?page_id=446"},"modified":"2024-05-27T18:57:45","modified_gmt":"2024-05-27T16:57:45","slug":"homepage","status":"publish","type":"page","link":"https:\/\/yucatan.sk\/de\/","title":{"rendered":"Homepage"},"content":{"rendered":"<section class=\"l-section wpb_row us_custom_a518f36e us_animate_this height_auto width_full with_img with_video\" id=\"yucatan_header\"><div class=\"l-section-img\" data-img-width=\"1932\" data-img-height=\"1167\" style=\"background-image: url(https:\/\/yucatan.sk\/wp-content\/uploads\/2023\/07\/kamionova-preprava-1.jpg);\"><\/div><div class=\"l-section-video\"><video muted loop autoplay playsinline preload=\"auto\"><source type=\"video\/mp4\" src=\"\/wp-content\/uploads\/2023\/09\/c_yucatan_video.mp4\" \/><\/video><\/div><div class=\"l-section-h i-cf\"><div class=\"g-cols vc_row via_grid cols_1 laptops-cols_inherit tablets-cols_inherit mobiles-cols_1 valign_top type_default stacking_default\"><div class=\"wpb_column vc_column_container\"><div class=\"vc_column-inner\"><div class=\"wpb_text_column us_custom_7ef283ed title title-82 us_animate_this\"><div class=\"wpb_wrapper\"><p>MIT YUCATAN TRANSPORT<br \/>\nBIS <span id=\"typewriter\" data-array=\"ANS ENDE DER WELT\"><\/span> |<\/p>\n<\/div><\/div><div class=\"wpb_text_column us_custom_9e65e695 text text-24 has_text_color us_animate_this\"><div class=\"wpb_wrapper\"><p>Wir nehmen mit und liefern. Klein und gro\u00df. \u00dcberall und jederzeit. Probieren Sie es mit uns aus!<\/p>\n<\/div><\/div><div class=\"w-btn-wrapper align_center\"><a class=\"w-btn us-btn-style_1 us_custom_ee8f2efc us_animate_this icon_atright\" title=\"Unsere Dienstleistungen\" href=\"https:\/\/yucatan.sk\/de\/unsere-dienstleistungen\/\"><span class=\"w-btn-label\">Unsere Dienstleistungen<\/span><i class=\"fas fa-arrow-right\"><\/i><\/a><\/div><div class=\"g-cols wpb_row us_custom_b7c83fee via_grid cols_1 laptops-cols_inherit tablets-cols_inherit mobiles-cols_1 valign_middle type_default stacking_default\" style=\"grid-gap:0rem;\" id=\"servicebar\"><div class=\"wpb_column vc_column_container\"><div class=\"vc_column-inner\">\n            <div class=\"yucatan_servicebar\">\n                <div class=\"yucatan_servicebar_services\">\n                    \n                    <div class=\"yucatan_servicebar_service\">\n                        <img decoding=\"async\" src=\"https:\/\/yucatan.sk\/wp-content\/uploads\/2023\/07\/006-delivery-box.svg\" alt=\"Transport von leichten und \u00fcbergro\u00dfen Lasten\" \/>\n                        <span class=\"title title-18\">Transport von leichten und \u00fcbergro\u00dfen Lasten<\/span>\n                    <\/div>\n                    <div class=\"yucatan_servicebar_service\">\n                        <img decoding=\"async\" src=\"https:\/\/yucatan.sk\/wp-content\/uploads\/2023\/07\/003-fast-time-1.svg\" alt=\"Wir sind schnell\" \/>\n                        <span class=\"title title-18\">Wir sind schnell<\/span>\n                    <\/div>\n                    <div class=\"yucatan_servicebar_service\">\n                        <img decoding=\"async\" src=\"https:\/\/yucatan.sk\/wp-content\/uploads\/2023\/07\/004-route.svg\" alt=\"Ma\u00dfgeschneiderter Transportplan\" \/>\n                        <span class=\"title title-18\">Ma\u00dfgeschneiderter Transportplan<\/span>\n                    <\/div>\n                    <div class=\"yucatan_servicebar_service\">\n                        <img decoding=\"async\" src=\"https:\/\/yucatan.sk\/wp-content\/uploads\/2023\/07\/001-truck.svg\" alt=\"Kompletter Fuhrpark\" \/>\n                        <span class=\"title title-18\">Kompletter Fuhrpark<\/span>\n                    <\/div>\n                    <div class=\"yucatan_servicebar_service\">\n                        <img decoding=\"async\" src=\"https:\/\/yucatan.sk\/wp-content\/uploads\/2023\/07\/008-team.svg\" alt=\"Professionelles und geschultes Team\" \/>\n                        <span class=\"title title-18\">Professionelles und geschultes Team<\/span>\n                    <\/div>\n                    <div class=\"yucatan_servicebar_service\">\n                        <img decoding=\"async\" src=\"https:\/\/yucatan.sk\/wp-content\/uploads\/2023\/07\/007-online-chat.svg\" alt=\"24\/7 Dispatch\" \/>\n                        <span class=\"title title-18\">24\/7 Dispatch<\/span>\n                    <\/div>\n                <\/div>\n            <\/div>\n            <div class=\"yucatan_servicebar yucatan_servicebar_slider swiper yucatan_slider\">\n                <div class=\"yucatan_servicebar_services swiper-wrapper\">\n                    \n                    <div class=\"yucatan_servicebar_service swiper-slide\">\n                        <img decoding=\"async\" src=\"https:\/\/yucatan.sk\/wp-content\/uploads\/2023\/07\/006-delivery-box.svg\" alt=\"Transport von leichten und \u00fcbergro\u00dfen Lasten\" \/>\n                        <span class=\"title title-18\">Transport von leichten und \u00fcbergro\u00dfen Lasten<\/span>\n                    <\/div>\n                    <div class=\"yucatan_servicebar_service swiper-slide\">\n                        <img decoding=\"async\" src=\"https:\/\/yucatan.sk\/wp-content\/uploads\/2023\/07\/003-fast-time-1.svg\" alt=\"Wir sind schnell\" \/>\n                        <span class=\"title title-18\">Wir sind schnell<\/span>\n                    <\/div>\n                    <div class=\"yucatan_servicebar_service swiper-slide\">\n                        <img decoding=\"async\" src=\"https:\/\/yucatan.sk\/wp-content\/uploads\/2023\/07\/004-route.svg\" alt=\"Ma\u00dfgeschneiderter Transportplan\" \/>\n                        <span class=\"title title-18\">Ma\u00dfgeschneiderter Transportplan<\/span>\n                    <\/div>\n                    <div class=\"yucatan_servicebar_service swiper-slide\">\n                        <img decoding=\"async\" src=\"https:\/\/yucatan.sk\/wp-content\/uploads\/2023\/07\/001-truck.svg\" alt=\"Kompletter Fuhrpark\" \/>\n                        <span class=\"title title-18\">Kompletter Fuhrpark<\/span>\n                    <\/div>\n                    <div class=\"yucatan_servicebar_service swiper-slide\">\n                        <img decoding=\"async\" src=\"https:\/\/yucatan.sk\/wp-content\/uploads\/2023\/07\/008-team.svg\" alt=\"Professionelles und geschultes Team\" \/>\n                        <span class=\"title title-18\">Professionelles und geschultes Team<\/span>\n                    <\/div>\n                    <div class=\"yucatan_servicebar_service swiper-slide\">\n                        <img decoding=\"async\" src=\"https:\/\/yucatan.sk\/wp-content\/uploads\/2023\/07\/007-online-chat.svg\" alt=\"24\/7 Dispatch\" \/>\n                        <span class=\"title title-18\">24\/7 Dispatch<\/span>\n                    <\/div>\n                <\/div>\n                <div class=\"swiper-pagination\"><\/div>\n            <\/div><\/div><\/div><\/div><\/div><\/div><\/div><\/div><\/section><section class=\"l-section wpb_row us_custom_19737bc8 height_large\"><div class=\"l-section-h i-cf\"><div class=\"g-cols vc_row via_grid cols_2-3 laptops-cols_inherit tablets-cols_inherit mobiles-cols_1 valign_top type_default stacking_default\" style=\"grid-gap:0.5rem;\"><div class=\"wpb_column vc_column_container\"><div class=\"vc_column-inner\"><div class=\"wpb_text_column us_custom_dc1da1a3 subtitle subtitle-16\"><div class=\"wpb_wrapper\"><p>Warum wir?<\/p>\n<\/div><\/div><div class=\"wpb_text_column title title-64\"><div class=\"wpb_wrapper\"><p>Wer sind wir?<\/p>\n<\/div><\/div><\/div><\/div><div class=\"wpb_column vc_column_container\"><div class=\"vc_column-inner\"><div class=\"wpb_text_column text text-20\"><div class=\"wpb_wrapper\"><p>Yucatan Transport s.r.o. befindet sich in einer strategischen Lage in der Ostslowakei nahe der Grenze zu Ungarn und der Ukraine. Wir sind ein Unternehmen, das Dienstleistungen im Bereich des internationalen und inl\u00e4ndischen G\u00fcterverkehrs erbringt und den Transport von G\u00fctern von 1 kg bis 24 t anbieten kann.<\/p>\n<\/div><\/div><\/div><\/div><\/div><\/div><\/section><section class=\"l-section wpb_row us_custom_a2ebf4ae height_auto\"><div class=\"l-section-h i-cf\"><div class=\"g-cols vc_row via_grid cols_1 laptops-cols_inherit tablets-cols_inherit mobiles-cols_1 valign_top type_default stacking_default\"><div class=\"wpb_column vc_column_container\"><div class=\"vc_column-inner\"><div class=\"w-image us_custom_ba870b58 us_animate_this align_none\"><div class=\"w-image-h\"><img loading=\"lazy\" decoding=\"async\" width=\"1024\" height=\"641\" src=\"https:\/\/yucatan.sk\/wp-content\/uploads\/2023\/10\/truck_mockup_08-1@2x-1024x641.png\" class=\"attachment-large size-large\" alt=\"\" srcset=\"https:\/\/yucatan.sk\/wp-content\/uploads\/2023\/10\/truck_mockup_08-1@2x-1024x641.png 1024w, https:\/\/yucatan.sk\/wp-content\/uploads\/2023\/10\/truck_mockup_08-1@2x-300x188.png 300w\" sizes=\"auto, (max-width: 1024px) 100vw, 1024px\" \/><\/div><\/div><\/div><\/div><\/div><\/div><\/section><section class=\"l-section wpb_row us_custom_bdbb6498 height_large\"><div class=\"l-section-h i-cf\"><div class=\"g-cols vc_row via_grid cols_1 laptops-cols_inherit tablets-cols_inherit mobiles-cols_1 valign_top type_default stacking_default\"><div class=\"wpb_column vc_column_container\"><div class=\"vc_column-inner\"><div class=\"g-cols wpb_row us_custom_4de3ce74 via_grid cols_3 laptops-cols_inherit tablets-cols_inherit mobiles-cols_1 valign_top type_default stacking_default\"><div class=\"wpb_column vc_column_container\"><div class=\"vc_column-inner\"><div class=\"wpb_text_column us_custom_ada1a296 title title-128 countup us_animate_this\"><div class=\"wpb_wrapper\"><p>300<\/p>\n<\/div><\/div><div class=\"wpb_text_column us_custom_eb849559 title title-32\"><div class=\"wpb_wrapper\"><p>Kunden<\/p>\n<\/div><\/div><\/div><\/div><div class=\"wpb_column vc_column_container\"><div class=\"vc_column-inner\"><div class=\"wpb_text_column us_custom_ada1a296 title title-128 countup us_animate_this\"><div class=\"wpb_wrapper\"><p>7500<\/p>\n<\/div><\/div><div class=\"wpb_text_column us_custom_eb849559 title title-32\"><div class=\"wpb_wrapper\"><p>Transporte durchgef\u00fchrt<\/p>\n<\/div><\/div><\/div><\/div><div class=\"wpb_column vc_column_container\"><div class=\"vc_column-inner\"><div class=\"wpb_text_column us_custom_ada1a296 title title-128 countup us_animate_this\"><div class=\"wpb_wrapper\"><p>280<\/p>\n<\/div><\/div><div class=\"wpb_text_column us_custom_eb849559 title title-32\"><div class=\"wpb_wrapper\"><p>Fahrzeuge im Einsatz<\/p>\n<\/div><\/div><\/div><\/div><\/div><\/div><\/div><\/div><\/div><\/section><section class=\"l-section wpb_row us_custom_d97d13fd height_large width_full\"><div class=\"l-section-h i-cf\"><div class=\"g-cols vc_row via_grid cols_1 laptops-cols_inherit tablets-cols_inherit mobiles-cols_1 valign_top type_default stacking_default\"><div class=\"wpb_column vc_column_container\"><div class=\"vc_column-inner\"><div class=\"wpb_text_column us_custom_1b7d4374 title title-64\"><div class=\"wpb_wrapper\"><p>Unsere Dienstleistungen<\/p>\n<\/div><\/div><div class=\"yucatan_gridmenu\">\n                    \n                <div class=\"yucatan_gridmenu_item clickbox no_effect\">\n                    <img decoding=\"async\" src=\"https:\/\/yucatan.sk\/wp-content\/uploads\/2023\/07\/expresne-transporty-1.jpg\" alt=\"Express-transporte\" class=\"yucatan_gridmenu_item_bg\" \/>\n                    <div class=\"yucatan_gridmenu_item_box\">\n                        <span class=\"yucatan_gridmenu_item_box_title title title-32\">Express-transporte<\/span>\n                        <a href=\"https:\/\/yucatan.sk\/de\/unsere-dienstleistungen\/\" class=\"yucatan_gridmenu_item_box_link\">Zobrazi\u0165 viac  <i class=\"fas fa-arrow-right\"><\/i><\/a>\n                    <\/div>\n                <\/div>\n                <div class=\"yucatan_gridmenu_item clickbox no_effect\">\n                    <img decoding=\"async\" src=\"https:\/\/yucatan.sk\/wp-content\/uploads\/2023\/07\/nadrozmerna-preprava-1.jpg\" alt=\"Transport \u00fcbergrosser ladungen\" class=\"yucatan_gridmenu_item_bg\" \/>\n                    <div class=\"yucatan_gridmenu_item_box\">\n                        <span class=\"yucatan_gridmenu_item_box_title title title-32\">Transport \u00fcbergrosser ladungen<\/span>\n                        <a href=\"https:\/\/yucatan.sk\/de\/unsere-dienstleistungen\/\" class=\"yucatan_gridmenu_item_box_link\">Zobrazi\u0165 viac  <i class=\"fas fa-arrow-right\"><\/i><\/a>\n                    <\/div>\n                <\/div>\n                <div class=\"yucatan_gridmenu_item clickbox no_effect\">\n                    <img decoding=\"async\" src=\"https:\/\/yucatan.sk\/wp-content\/uploads\/2023\/07\/logisticke-sluzby-a-skladovanie-1.jpg\" alt=\"Logistik-dienstleistungen Und lagerung\" class=\"yucatan_gridmenu_item_bg\" \/>\n                    <div class=\"yucatan_gridmenu_item_box\">\n                        <span class=\"yucatan_gridmenu_item_box_title title title-32\">Logistik-dienstleistungen Und lagerung<\/span>\n                        <a href=\"https:\/\/yucatan.sk\/de\/unsere-dienstleistungen\/\" class=\"yucatan_gridmenu_item_box_link\">Zobrazi\u0165 viac  <i class=\"fas fa-arrow-right\"><\/i><\/a>\n                    <\/div>\n                <\/div>\n                <div class=\"yucatan_gridmenu_item clickbox no_effect\">\n                    <img decoding=\"async\" src=\"https:\/\/yucatan.sk\/wp-content\/uploads\/2023\/07\/letecka-doprava-1.jpg\" alt=\"Lufttransport\" class=\"yucatan_gridmenu_item_bg\" \/>\n                    <div class=\"yucatan_gridmenu_item_box\">\n                        <span class=\"yucatan_gridmenu_item_box_title title title-32\">Lufttransport<\/span>\n                        <a href=\"https:\/\/yucatan.sk\/de\/unsere-dienstleistungen\/\" class=\"yucatan_gridmenu_item_box_link\">Zobrazi\u0165 viac  <i class=\"fas fa-arrow-right\"><\/i><\/a>\n                    <\/div>\n                <\/div>\n                <div class=\"yucatan_gridmenu_item clickbox no_effect\">\n                    <img decoding=\"async\" src=\"https:\/\/yucatan.sk\/wp-content\/uploads\/2023\/07\/zeleznicna-doprava-1.jpg\" alt=\"Schienentransport\" class=\"yucatan_gridmenu_item_bg\" \/>\n                    <div class=\"yucatan_gridmenu_item_box\">\n                        <span class=\"yucatan_gridmenu_item_box_title title title-32\">Schienentransport<\/span>\n                        <a href=\"https:\/\/yucatan.sk\/de\/unsere-dienstleistungen\/\" class=\"yucatan_gridmenu_item_box_link\">Zobrazi\u0165 viac  <i class=\"fas fa-arrow-right\"><\/i><\/a>\n                    <\/div>\n                <\/div>\n                <div class=\"yucatan_gridmenu_item clickbox no_effect\">\n                    <img decoding=\"async\" src=\"https:\/\/yucatan.sk\/wp-content\/uploads\/2023\/07\/vnutorna-a-medzinarodna-nakladna-doprava.jpg\" alt=\"Inl\u00e4ndischer und internationaler g\u00fcterverkehr\" class=\"yucatan_gridmenu_item_bg\" \/>\n                    <div class=\"yucatan_gridmenu_item_box\">\n                        <span class=\"yucatan_gridmenu_item_box_title title title-32\">Inl\u00e4ndischer und internationaler g\u00fcterverkehr<\/span>\n                        <a href=\"https:\/\/yucatan.sk\/de\/unsere-dienstleistungen\/\" class=\"yucatan_gridmenu_item_box_link\">Zobrazi\u0165 viac  <i class=\"fas fa-arrow-right\"><\/i><\/a>\n                    <\/div>\n                <\/div>\n                <div class=\"yucatan_gridmenu_item clickbox no_effect\">\n                    <img decoding=\"async\" src=\"https:\/\/yucatan.sk\/wp-content\/uploads\/2023\/07\/namorna-preprava-1.jpg\" alt=\"Schiffstransport\" class=\"yucatan_gridmenu_item_bg\" \/>\n                    <div class=\"yucatan_gridmenu_item_box\">\n                        <span class=\"yucatan_gridmenu_item_box_title title title-32\">Schiffstransport<\/span>\n                        <a href=\"https:\/\/yucatan.sk\/de\/unsere-dienstleistungen\/\" class=\"yucatan_gridmenu_item_box_link\">Zobrazi\u0165 viac  <i class=\"fas fa-arrow-right\"><\/i><\/a>\n                    <\/div>\n                <\/div>\n                <\/div><\/div><\/div><\/div><\/div><\/section><section class=\"l-section wpb_row us_custom_d4a8678b height_auto width_full\"><div class=\"l-section-h i-cf\"><div class=\"g-cols vc_row via_grid cols_3-1 laptops-cols_inherit tablets-cols_inherit mobiles-cols_1 valign_middle type_default stacking_default\" style=\"grid-gap:1.8rem;\"><div class=\"wpb_column vc_column_container us_custom_2bece10d us_animate_this has_bg_color\"><div class=\"vc_column-inner\"><\/div><\/div><div class=\"wpb_column vc_column_container us_custom_5530050a\"><div class=\"vc_column-inner\"><div class=\"wpb_text_column us_custom_8101c4e3 subtitle subtitle-16\"><div class=\"wpb_wrapper\"><p>Warum wir?<\/p>\n<\/div><\/div><div class=\"wpb_text_column us_custom_eeb3f56b title title-64\"><div class=\"wpb_wrapper\"><p>Fuhrpark<\/p>\n<\/div><\/div><div class=\"wpb_text_column us_custom_1c2763fc text text-24\"><div class=\"wpb_wrapper\"><p>Schauen Sie sich unsere leistungsstarken Maschinen an.<\/p>\n<\/div><\/div><div class=\"w-btn-wrapper align_none hide_on_tablets hide_on_mobiles\"><a class=\"w-btn us-btn-style_1 us_custom_d00de238 icon_atright\" title=\"Fuhrpark\" href=\"https:\/\/yucatan.sk\/de\/fuhrpark\/\"><span class=\"w-btn-label\">FUHRPARK ANZEIGEN<\/span><i class=\"fas fa-arrow-right\"><\/i><\/a><\/div><div class=\"w-btn-wrapper align_center hide_on_default hide_on_laptops\"><a class=\"w-btn us-btn-style_1 us_custom_d00de238 icon_atright\" title=\"Fuhrpark\" href=\"https:\/\/yucatan.sk\/de\/fuhrpark\/\"><span class=\"w-btn-label\">FUHRPARK ANZEIGEN<\/span><i class=\"fas fa-arrow-right\"><\/i><\/a><\/div><\/div><\/div><\/div><\/div><\/section><section class=\"l-section wpb_row us_custom_4ce057cc height_large\"><div class=\"l-section-h i-cf\"><div class=\"g-cols vc_row via_grid cols_1 laptops-cols_inherit tablets-cols_inherit mobiles-cols_1 valign_top type_default stacking_default\"><div class=\"wpb_column vc_column_container\"><div class=\"vc_column-inner\"><div class=\"wpb_text_column us_custom_a0810b06 subtitle subtitle-16 has_text_color\"><div class=\"wpb_wrapper\"><p>Warum wir?<\/p>\n<\/div><\/div><div class=\"wpb_text_column us_custom_a2269844 title title-64 has_text_color\"><div class=\"wpb_wrapper\"><p>7 EINFACHE SCHRITTE DES TRANSPORTS<\/p>\n<\/div><\/div><div class=\"wpb_text_column us_custom_9ef3b614 text text-24 has_text_color\"><div class=\"wpb_wrapper\"><p>Werfen Sie einen Blick auf unseren Serviceprozess Schritt f\u00fcr Schritt.<\/p>\n<\/div><\/div>\n            <div class=\"yucatan_stepper\">\n                <div class=\"yucatan_stepper_steps\">\n                    \n                    <div class=\"yucatan_stepper_step actived clickboxed\" data-step=\"1\"> \n                        <div class=\"yucatan_stepper_step_arrow\"><\/div>\n                        <span class=\"yucatan_stepper_step_title\">Schritt 1<\/span>\n                        <span class=\"yucatan_stepper_step_text\">Kontaktieren sie uns<\/span>\n                        <a href=\"https:\/\/yucatan.sk\/de\/kontakt\/\" style=\"display:none\"><\/a>\n                        <\/div>\n                    <div class=\"yucatan_stepper_step clickboxed\" data-step=\"2\"> \n                        <div class=\"yucatan_stepper_step_arrow\"><\/div>\n                        <span class=\"yucatan_stepper_step_title\">Schritt 2<\/span>\n                        <span class=\"yucatan_stepper_step_text\">Massgeschneiderte l\u00f6sung<\/span>\n                        <a href=\"https:\/\/yucatan.sk\/de\/unsere-dienstleistungen\/\" style=\"display:none\"><\/a>\n                    <\/div>\n                    <div class=\"yucatan_stepper_step clickboxed\" data-step=\"3\"> \n                        <div class=\"yucatan_stepper_step_arrow\"><\/div>\n                        <span class=\"yucatan_stepper_step_title\">Schritt 3<\/span>\n                        <span class=\"yucatan_stepper_step_text\">Beratung von optionen<\/span>\n                        <a href=\"https:\/\/yucatan.sk\/de\/kontakt\/\" style=\"display:none\"><\/a>\n                    <\/div>\n                    <div class=\"yucatan_stepper_step clickboxed\" data-step=\"4\"> \n                        <div class=\"yucatan_stepper_step_arrow\"><\/div>\n                        <span class=\"yucatan_stepper_step_title\">Schritt 4<\/span>\n                        <span class=\"yucatan_stepper_step_text\">Sie haben die wahl<\/span>\n                        <a href=\"https:\/\/yucatan.sk\/de\/fuhrpark\/\" style=\"display:none\"><\/a>\n                    <\/div>\n                    <div class=\"yucatan_stepper_step clickboxed\" data-step=\"5\"> \n                        <div class=\"yucatan_stepper_step_arrow\"><\/div>\n                        <span class=\"yucatan_stepper_step_title\">Schritt 5<\/span>\n                        <span class=\"yucatan_stepper_step_text\">Versand von auto Und verladung von waren<\/span>\n                        <a href=\"https:\/\/yucatan.sk\/de\/unternehmensprofil\/\" style=\"display:none\"><\/a>\n                    <\/div>\n                    <div class=\"yucatan_stepper_step clickboxed\" data-step=\"6\"> \n                        <div class=\"yucatan_stepper_step_arrow\"><\/div>\n                        <span class=\"yucatan_stepper_step_title\">Schritt 6<\/span>\n                        <span class=\"yucatan_stepper_step_text\">Transport zu ihrem ziel<\/span>\n                        <a href=\"https:\/\/yucatan.sk\/de\/kontakt\/\" style=\"display:none\"><\/a>\n                    <\/div>\n                    <div class=\"yucatan_stepper_step clickboxed\" data-step=\"7\"> \n                        <div class=\"yucatan_stepper_step_arrow\"><\/div>\n                        <span class=\"yucatan_stepper_step_title\">Schritt 7<\/span>\n                        <span class=\"yucatan_stepper_step_text\">\u00dcbermittlung von dokumenten<\/span>\n                        <a href=\"https:\/\/yucatan.sk\/de\/kontakt\/\" style=\"display:none\"><\/a>\n                    <\/div>\n                <\/div>\n                <div class=\"yucatan_stepper_nav\">1<\/div>\n            <\/div>\n            <div class=\"yucatan_stepper_steps_mobile swiper yucatan_slider\">\n                <div class=\"yucatan_stepper_steps_mobile_wrapper swiper-wrapper\">\n                    \n                <div class=\"yucatan_stepper_step_mobile swiper-slide clickboxed\"> \n                    <div class=\"yucatan_stepper_step_mobile_number\">1<\/div>\n                    <span class=\"yucatan_stepper_step_mobile_title\">Schritt 1<\/span>\n                    <span class=\"yucatan_stepper_step_mobile_text\">Kontaktieren sie uns<\/span>\n                <\/div>\n                <div class=\"yucatan_stepper_step_mobile swiper-slide clickboxed\"> \n                    <div class=\"yucatan_stepper_step_mobile_number\">2<\/div>\n                    <span class=\"yucatan_stepper_step_mobile_title\">Schritt 2<\/span>\n                    <span class=\"yucatan_stepper_step_mobile_text\">Massgeschneiderte l\u00f6sung<\/span>\n                <\/div>\n                <div class=\"yucatan_stepper_step_mobile swiper-slide clickboxed\"> \n                    <div class=\"yucatan_stepper_step_mobile_number\">3<\/div>\n                    <span class=\"yucatan_stepper_step_mobile_title\">Schritt 3<\/span>\n                    <span class=\"yucatan_stepper_step_mobile_text\">Beratung von optionen<\/span>\n                <\/div>\n                <div class=\"yucatan_stepper_step_mobile swiper-slide clickboxed\"> \n                    <div class=\"yucatan_stepper_step_mobile_number\">4<\/div>\n                    <span class=\"yucatan_stepper_step_mobile_title\">Schritt 4<\/span>\n                    <span class=\"yucatan_stepper_step_mobile_text\">Sie haben die wahl<\/span>\n                <\/div>\n                <div class=\"yucatan_stepper_step_mobile swiper-slide clickboxed\"> \n                    <div class=\"yucatan_stepper_step_mobile_number\">5<\/div>\n                    <span class=\"yucatan_stepper_step_mobile_title\">Schritt 5<\/span>\n                    <span class=\"yucatan_stepper_step_mobile_text\">Versand von auto Und verladung von waren<\/span>\n                <\/div>\n                <div class=\"yucatan_stepper_step_mobile swiper-slide clickboxed\"> \n                    <div class=\"yucatan_stepper_step_mobile_number\">6<\/div>\n                    <span class=\"yucatan_stepper_step_mobile_title\">Schritt 6<\/span>\n                    <span class=\"yucatan_stepper_step_mobile_text\">Transport zu ihrem ziel<\/span>\n                <\/div>\n                <div class=\"yucatan_stepper_step_mobile swiper-slide clickboxed\"> \n                    <div class=\"yucatan_stepper_step_mobile_number\">7<\/div>\n                    <span class=\"yucatan_stepper_step_mobile_title\">Schritt 7<\/span>\n                    <span class=\"yucatan_stepper_step_mobile_text\">\u00dcbermittlung von dokumenten<\/span>\n                <\/div>\n                <\/div>\n                <div class=\"swiper-nav\">\n                    <div class=\"button-prev\"><\/div>\n                    <div class=\"button-next\"><\/div>\n                <\/div>\n                <div class=\"swiper-pagination\"><\/div>\n            <\/div><\/div><\/div><\/div><\/div><\/section>\n","protected":false},"excerpt":{"rendered":"MIT YUCATAN TRANSPORT BIS | Wir nehmen mit und liefern. Klein und gro\u00df. \u00dcberall und jederzeit. Probieren Sie es mit uns aus! Unsere Dienstleistungen Transport von leichten und \u00fcbergro\u00dfen Lasten Wir sind schnell Ma\u00dfgeschneiderter Transportplan Kompletter Fuhrpark Professionelles und geschultes Team 24\/7 Dispatch Transport von leichten und \u00fcbergro\u00dfen Lasten Wir sind schnell Ma\u00dfgeschneiderter Transportplan Kompletter...","protected":false},"author":3,"featured_media":0,"parent":0,"menu_order":0,"comment_status":"closed","ping_status":"closed","template":"","meta":{"inline_featured_image":false,"footnotes":""},"class_list":["post-446","page","type-page","status-publish","hentry"],"acf":[],"_links":{"self":[{"href":"https:\/\/yucatan.sk\/de\/wp-json\/wp\/v2\/pages\/446","targetHints":{"allow":["GET"]}}],"collection":[{"href":"https:\/\/yucatan.sk\/de\/wp-json\/wp\/v2\/pages"}],"about":[{"href":"https:\/\/yucatan.sk\/de\/wp-json\/wp\/v2\/types\/page"}],"author":[{"embeddable":true,"href":"https:\/\/yucatan.sk\/de\/wp-json\/wp\/v2\/users\/3"}],"replies":[{"embeddable":true,"href":"https:\/\/yucatan.sk\/de\/wp-json\/wp\/v2\/comments?post=446"}],"version-history":[{"count":7,"href":"https:\/\/yucatan.sk\/de\/wp-json\/wp\/v2\/pages\/446\/revisions"}],"predecessor-version":[{"id":540,"href":"https:\/\/yucatan.sk\/de\/wp-json\/wp\/v2\/pages\/446\/revisions\/540"}],"wp:attachment":[{"href":"https:\/\/yucatan.sk\/de\/wp-json\/wp\/v2\/media?parent=446"}],"curies":[{"name":"wp","href":"https:\/\/api.w.org\/{rel}","templated":true}]}}